{"id":172,"date":"2024-09-09T09:34:14","date_gmt":"2024-09-09T09:34:14","guid":{"rendered":"http:\/\/smn.local\/?page_id=172"},"modified":"2024-09-09T09:36:48","modified_gmt":"2024-09-09T09:36:48","slug":"success-stories","status":"publish","type":"page","link":"https:\/\/smn.rs\/sr\/success-stories\/","title":{"rendered":"Iskustva"},"content":{"rendered":"<section class=\"testimonials\">\r\n            <div class=\"container\">\r\n                <div class=\"testimonials__container\">\r\n                                            <div class=\"testimonials__title\">\r\n                            <h1 class=\"translation-block\">\u0160ta na\u0161i <strong>partneri<\/strong> ka\u017eu o nama?<\/h1>\n                        <\/div>\r\n                                                                <div class=\"testimonials__list\">\r\n                            \n<article class=\"card-testimonial\">\n    <div class=\"card-testimonial__text\">\n        <p>U saradnji sa SMN timom, uspeli smo da pove\u0107amo prihode od programmatic ogla\u0161avanja za vi\u0161e od 40% u veoma kratkom vremenskom periodu. Nakon toga, implementacijom njihove skripte (Header Bidding Wrapper), uspeli smo da pove\u0107amo prihode za dodatnih 30%! Sve preporuke sa na\u0161e strane!<\/p>\n    <\/div>\n            <p class=\"card-testimonial__author\">\n            Andrijana Ne\u0161i\u0107, Glavni i odgovorni urednik, Novosti        <\/p>\n        <svg class=\"card-testimonial__quote card-testimonial__quote--1\"\n         xmlns=\"http:\/\/www.w3.org\/2000\/svg\" width=\"92\" height=\"73\" viewbox=\"0 0 92 73\" fill=\"none\">\n        <g filter=\"url(#filter0_d_52_397)\">\n            <path d=\"M83.8063 4L67.8063 38.8L66.4063 29.4C69.4729 29.4 72.2063 30.1333 74.6063 31.6C77.0063 33.0667 78.9396 35 80.4062 37.4C81.8729 39.6667 82.6063 42.2667 82.6063 45.2C82.6063 48.1333 81.8729 50.8 80.4062 53.2C78.9396 55.6 77.0063 57.5333 74.6063 59C72.2063 60.3333 69.4729 61 66.4063 61C63.4729 61 60.7396 60.3333 58.2062 59C55.8063 57.5333 53.8729 55.5333 52.4063 53C50.9396 50.4667 50.2063 47.6667 50.2063 44.6C50.2063 41.5333 50.8063 38.3333 52.0063 35C53.3396 31.6667 55.6729 27.3333 59.0063 22L69.8063 4H83.8063ZM42.0062 4L26.0063 38.8L24.6063 29.4C27.6729 29.4 30.4063 30.1333 32.8062 31.6C35.2063 33.0667 37.1396 35 38.6063 37.4C40.0729 39.6667 40.8063 42.2667 40.8063 45.2C40.8063 48.1333 40.0729 50.8 38.6063 53.2C37.1396 55.6 35.2063 57.5333 32.8062 59C30.4063 60.3333 27.6729 61 24.6063 61C21.6729 61 18.9396 60.3333 16.4063 59C14.0063 57.5333 12.0729 55.5333 10.6063 53C9.13958 50.4667 8.40625 47.6667 8.40625 44.6C8.40625 41.5333 9.00625 38.3333 10.2062 35C11.5396 31.6667 13.8729 27.3333 17.2063 22L28.0063 4H42.0062Z\"\n                  fill=\"url(#paint0_linear_52_397)\"\/>\n        <\/g>\n        <defs>\n            <filter id=\"filter0_d_52_397\" x=\"0.40625\" y=\"0\" width=\"91.4004\" height=\"73\" filterunits=\"userSpaceOnUse\"\n                    color-interpolation-filters=\"sRGB\">\n                <feflood flood-opacity=\"0\" result=\"BackgroundImageFix\"\/>\n                <fecolormatrix in=\"SourceAlpha\" type=\"matrix\" values=\"0 0 0 0 0 0 0 0 0 0 0 0 0 0 0 0 0 0 127 0\"\n                               result=\"hardAlpha\"\/>\n                <feoffset dy=\"4\"\/>\n                <fegaussianblur stddeviation=\"4\"\/>\n                <fecomposite in2=\"hardAlpha\" operator=\"out\"\/>\n                <fecolormatrix type=\"matrix\" values=\"0 0 0 0 0 0 0 0 0 0 0 0 0 0 0 0 0 0 0.3 0\"\/>\n                <feblend mode=\"normal\" in2=\"BackgroundImageFix\" result=\"effect1_dropShadow_52_397\"\/>\n                <feblend mode=\"normal\" in=\"SourceGraphic\" in2=\"effect1_dropShadow_52_397\" result=\"shape\"\/>\n            <\/filter>\n            <lineargradient id=\"paint0_linear_52_397\" x1=\"1.15497e-06\" y1=\"5\" x2=\"14.5632\" y2=\"85.2941\"\n                            gradientunits=\"userSpaceOnUse\">\n                <stop stop-color=\"white\"\/>\n                <stop offset=\"1\" stop-color=\"#46F7DC\"\/>\n            <\/lineargradient>\n        <\/defs>\n    <\/svg>\n    <svg class=\"card-testimonial__quote card-testimonial__quote--2\"\n         xmlns=\"http:\/\/www.w3.org\/2000\/svg\" width=\"92\" height=\"73\" viewbox=\"0 0 92 73\" fill=\"none\">\n        <g filter=\"url(#filter0_d_52_400)\">\n            <path d=\"M8 61L24 26.2L25.4 35.6C22.3333 35.6 19.6 34.8667 17.2 33.4C14.8 31.9333 12.8667 30 11.4 27.6C9.93334 25.3333 9.20001 22.7333 9.20001 19.8C9.20001 16.8667 9.93334 14.2 11.4 11.8C12.8667 9.4 14.8 7.46666 17.2 6C19.6 4.66667 22.3333 4 25.4 4C28.3333 4 31.0667 4.66667 33.6 6C36 7.46667 37.9333 9.46667 39.4 12C40.8667 14.5333 41.6 17.3333 41.6 20.4C41.6 23.4667 41 26.6667 39.8 30C38.4667 33.3333 36.1333 37.6667 32.8 43L22 61H8ZM49.8 61L65.8 26.2L67.2 35.6C64.1333 35.6 61.4 34.8667 59 33.4C56.6 31.9333 54.6667 30 53.2 27.6C51.7333 25.3333 51 22.7333 51 19.8C51 16.8667 51.7333 14.2 53.2 11.8C54.6667 9.4 56.6 7.46667 59 6C61.4 4.66667 64.1333 4 67.2 4C70.1333 4 72.8667 4.66667 75.4 6C77.8 7.46667 79.7333 9.46667 81.2 12C82.6667 14.5333 83.4 17.3333 83.4 20.4C83.4 23.4667 82.8 26.6667 81.6 30C80.2667 33.3333 77.9333 37.6667 74.6 43L63.8 61H49.8Z\"\n                  fill=\"url(#paint0_linear_52_400)\"\/>\n        <\/g>\n        <defs>\n            <filter id=\"filter0_d_52_400\" x=\"0\" y=\"0\" width=\"91.4004\" height=\"73\" filterunits=\"userSpaceOnUse\"\n                    color-interpolation-filters=\"sRGB\">\n                <feflood flood-opacity=\"0\" result=\"BackgroundImageFix\"\/>\n                <fecolormatrix in=\"SourceAlpha\" type=\"matrix\" values=\"0 0 0 0 0 0 0 0 0 0 0 0 0 0 0 0 0 0 127 0\"\n                               result=\"hardAlpha\"\/>\n                <feoffset dy=\"4\"\/>\n                <fegaussianblur stddeviation=\"4\"\/>\n                <fecomposite in2=\"hardAlpha\" operator=\"out\"\/>\n                <fecolormatrix type=\"matrix\" values=\"0 0 0 0 0 0 0 0 0 0 0 0 0 0 0 0 0 0 0.3 0\"\/>\n                <feblend mode=\"normal\" in2=\"BackgroundImageFix\" result=\"effect1_dropShadow_52_400\"\/>\n                <feblend mode=\"normal\" in=\"SourceGraphic\" in2=\"effect1_dropShadow_52_400\" result=\"shape\"\/>\n            <\/filter>\n            <lineargradient id=\"paint0_linear_52_400\" x1=\"91.8066\" y1=\"60\" x2=\"77.2434\" y2=\"-20.2941\"\n                            gradientunits=\"userSpaceOnUse\">\n                <stop stop-color=\"white\"\/>\n                <stop offset=\"1\" stop-color=\"#46F7DC\"\/>\n            <\/lineargradient>\n        <\/defs>\n    <\/svg>\n<\/article>\n\n\n\n\n<article class=\"card-testimonial\">\n    <div class=\"card-testimonial__text\">\n        <p>Saradnja sa SMN-om je brza, ta\u010dna i donosi zna\u010dajne rezultate, \u0161to je najva\u017enije. Radujemo se zajedni\u010dkom rastu u narednom periodu!<\/p>\n    <\/div>\n            <p class=\"card-testimonial__author\">\n            Ivana Milenkovi\u0107, Marketing Menad\u017eer, Alo        <\/p>\n        <svg class=\"card-testimonial__quote card-testimonial__quote--1\"\n         xmlns=\"http:\/\/www.w3.org\/2000\/svg\" width=\"92\" height=\"73\" viewbox=\"0 0 92 73\" fill=\"none\">\n        <g filter=\"url(#filter0_d_52_397)\">\n            <path d=\"M83.8063 4L67.8063 38.8L66.4063 29.4C69.4729 29.4 72.2063 30.1333 74.6063 31.6C77.0063 33.0667 78.9396 35 80.4062 37.4C81.8729 39.6667 82.6063 42.2667 82.6063 45.2C82.6063 48.1333 81.8729 50.8 80.4062 53.2C78.9396 55.6 77.0063 57.5333 74.6063 59C72.2063 60.3333 69.4729 61 66.4063 61C63.4729 61 60.7396 60.3333 58.2062 59C55.8063 57.5333 53.8729 55.5333 52.4063 53C50.9396 50.4667 50.2063 47.6667 50.2063 44.6C50.2063 41.5333 50.8063 38.3333 52.0063 35C53.3396 31.6667 55.6729 27.3333 59.0063 22L69.8063 4H83.8063ZM42.0062 4L26.0063 38.8L24.6063 29.4C27.6729 29.4 30.4063 30.1333 32.8062 31.6C35.2063 33.0667 37.1396 35 38.6063 37.4C40.0729 39.6667 40.8063 42.2667 40.8063 45.2C40.8063 48.1333 40.0729 50.8 38.6063 53.2C37.1396 55.6 35.2063 57.5333 32.8062 59C30.4063 60.3333 27.6729 61 24.6063 61C21.6729 61 18.9396 60.3333 16.4063 59C14.0063 57.5333 12.0729 55.5333 10.6063 53C9.13958 50.4667 8.40625 47.6667 8.40625 44.6C8.40625 41.5333 9.00625 38.3333 10.2062 35C11.5396 31.6667 13.8729 27.3333 17.2063 22L28.0063 4H42.0062Z\"\n                  fill=\"url(#paint0_linear_52_397)\"\/>\n        <\/g>\n        <defs>\n            <filter id=\"filter0_d_52_397\" x=\"0.40625\" y=\"0\" width=\"91.4004\" height=\"73\" filterunits=\"userSpaceOnUse\"\n                    color-interpolation-filters=\"sRGB\">\n                <feflood flood-opacity=\"0\" result=\"BackgroundImageFix\"\/>\n                <fecolormatrix in=\"SourceAlpha\" type=\"matrix\" values=\"0 0 0 0 0 0 0 0 0 0 0 0 0 0 0 0 0 0 127 0\"\n                               result=\"hardAlpha\"\/>\n                <feoffset dy=\"4\"\/>\n                <fegaussianblur stddeviation=\"4\"\/>\n                <fecomposite in2=\"hardAlpha\" operator=\"out\"\/>\n                <fecolormatrix type=\"matrix\" values=\"0 0 0 0 0 0 0 0 0 0 0 0 0 0 0 0 0 0 0.3 0\"\/>\n                <feblend mode=\"normal\" in2=\"BackgroundImageFix\" result=\"effect1_dropShadow_52_397\"\/>\n                <feblend mode=\"normal\" in=\"SourceGraphic\" in2=\"effect1_dropShadow_52_397\" result=\"shape\"\/>\n            <\/filter>\n            <lineargradient id=\"paint0_linear_52_397\" x1=\"1.15497e-06\" y1=\"5\" x2=\"14.5632\" y2=\"85.2941\"\n                            gradientunits=\"userSpaceOnUse\">\n                <stop stop-color=\"white\"\/>\n                <stop offset=\"1\" stop-color=\"#46F7DC\"\/>\n            <\/lineargradient>\n        <\/defs>\n    <\/svg>\n    <svg class=\"card-testimonial__quote card-testimonial__quote--2\"\n         xmlns=\"http:\/\/www.w3.org\/2000\/svg\" width=\"92\" height=\"73\" viewbox=\"0 0 92 73\" fill=\"none\">\n        <g filter=\"url(#filter0_d_52_400)\">\n            <path d=\"M8 61L24 26.2L25.4 35.6C22.3333 35.6 19.6 34.8667 17.2 33.4C14.8 31.9333 12.8667 30 11.4 27.6C9.93334 25.3333 9.20001 22.7333 9.20001 19.8C9.20001 16.8667 9.93334 14.2 11.4 11.8C12.8667 9.4 14.8 7.46666 17.2 6C19.6 4.66667 22.3333 4 25.4 4C28.3333 4 31.0667 4.66667 33.6 6C36 7.46667 37.9333 9.46667 39.4 12C40.8667 14.5333 41.6 17.3333 41.6 20.4C41.6 23.4667 41 26.6667 39.8 30C38.4667 33.3333 36.1333 37.6667 32.8 43L22 61H8ZM49.8 61L65.8 26.2L67.2 35.6C64.1333 35.6 61.4 34.8667 59 33.4C56.6 31.9333 54.6667 30 53.2 27.6C51.7333 25.3333 51 22.7333 51 19.8C51 16.8667 51.7333 14.2 53.2 11.8C54.6667 9.4 56.6 7.46667 59 6C61.4 4.66667 64.1333 4 67.2 4C70.1333 4 72.8667 4.66667 75.4 6C77.8 7.46667 79.7333 9.46667 81.2 12C82.6667 14.5333 83.4 17.3333 83.4 20.4C83.4 23.4667 82.8 26.6667 81.6 30C80.2667 33.3333 77.9333 37.6667 74.6 43L63.8 61H49.8Z\"\n                  fill=\"url(#paint0_linear_52_400)\"\/>\n        <\/g>\n        <defs>\n            <filter id=\"filter0_d_52_400\" x=\"0\" y=\"0\" width=\"91.4004\" height=\"73\" filterunits=\"userSpaceOnUse\"\n                    color-interpolation-filters=\"sRGB\">\n                <feflood flood-opacity=\"0\" result=\"BackgroundImageFix\"\/>\n                <fecolormatrix in=\"SourceAlpha\" type=\"matrix\" values=\"0 0 0 0 0 0 0 0 0 0 0 0 0 0 0 0 0 0 127 0\"\n                               result=\"hardAlpha\"\/>\n                <feoffset dy=\"4\"\/>\n                <fegaussianblur stddeviation=\"4\"\/>\n                <fecomposite in2=\"hardAlpha\" operator=\"out\"\/>\n                <fecolormatrix type=\"matrix\" values=\"0 0 0 0 0 0 0 0 0 0 0 0 0 0 0 0 0 0 0.3 0\"\/>\n                <feblend mode=\"normal\" in2=\"BackgroundImageFix\" result=\"effect1_dropShadow_52_400\"\/>\n                <feblend mode=\"normal\" in=\"SourceGraphic\" in2=\"effect1_dropShadow_52_400\" result=\"shape\"\/>\n            <\/filter>\n            <lineargradient id=\"paint0_linear_52_400\" x1=\"91.8066\" y1=\"60\" x2=\"77.2434\" y2=\"-20.2941\"\n                            gradientunits=\"userSpaceOnUse\">\n                <stop stop-color=\"white\"\/>\n                <stop offset=\"1\" stop-color=\"#46F7DC\"\/>\n            <\/lineargradient>\n        <\/defs>\n    <\/svg>\n<\/article>\n\n\n\n                        <\/div>\r\n                                    <\/div>\r\n            <\/div>\r\n        <\/section>","protected":false},"excerpt":{"rendered":"","protected":false},"author":1,"featured_media":0,"parent":0,"menu_order":0,"comment_status":"closed","ping_status":"closed","template":"","meta":{"_acf_changed":false,"footnotes":""},"class_list":["post-172","page","type-page","status-publish","hentry"],"acf":[],"yoast_head":"<!-- This site is optimized with the Yoast SEO plugin v27.5 - https:\/\/yoast.com\/product\/yoast-seo-wordpress\/ -->\n<title>Success Stories - SMN<\/title>\n<meta name=\"robots\" content=\"index, follow, max-snippet:-1, max-image-preview:large, max-video-preview:-1\" \/>\n<link rel=\"canonical\" href=\"https:\/\/smn.rs\/sr\/success-stories\/\" \/>\n<meta property=\"og:locale\" content=\"sr_RS\" \/>\n<meta property=\"og:type\" content=\"article\" \/>\n<meta property=\"og:title\" content=\"Success Stories - SMN\" \/>\n<meta property=\"og:url\" content=\"https:\/\/smn.rs\/sr\/success-stories\/\" \/>\n<meta property=\"og:site_name\" content=\"SMN\" \/>\n<meta property=\"article:modified_time\" content=\"2024-09-09T09:36:48+00:00\" \/>\n<meta property=\"og:image\" content=\"https:\/\/smn.rs\/wp-content\/uploads\/2024\/09\/smn_logo.png\" \/>\n\t<meta property=\"og:image:width\" content=\"227\" \/>\n\t<meta property=\"og:image:height\" content=\"113\" \/>\n\t<meta property=\"og:image:type\" content=\"image\/png\" \/>\n<meta name=\"twitter:card\" content=\"summary_large_image\" \/>\n<script type=\"application\/ld+json\" class=\"yoast-schema-graph\">{\"@context\":\"https:\\\/\\\/schema.org\",\"@graph\":[{\"@type\":\"WebPage\",\"@id\":\"https:\\\/\\\/smn.rs\\\/success-stories\\\/\",\"url\":\"https:\\\/\\\/smn.rs\\\/success-stories\\\/\",\"name\":\"Success Stories - SMN\",\"isPartOf\":{\"@id\":\"https:\\\/\\\/smn.rs\\\/#website\"},\"datePublished\":\"2024-09-09T09:34:14+00:00\",\"dateModified\":\"2024-09-09T09:36:48+00:00\",\"breadcrumb\":{\"@id\":\"https:\\\/\\\/smn.rs\\\/success-stories\\\/#breadcrumb\"},\"inLanguage\":\"sr-RS\",\"potentialAction\":[{\"@type\":\"ReadAction\",\"target\":[\"https:\\\/\\\/smn.rs\\\/success-stories\\\/\"]}]},{\"@type\":\"BreadcrumbList\",\"@id\":\"https:\\\/\\\/smn.rs\\\/success-stories\\\/#breadcrumb\",\"itemListElement\":[{\"@type\":\"ListItem\",\"position\":1,\"name\":\"Home\",\"item\":\"https:\\\/\\\/smn.rs\\\/\"},{\"@type\":\"ListItem\",\"position\":2,\"name\":\"Success Stories\"}]},{\"@type\":\"WebSite\",\"@id\":\"https:\\\/\\\/smn.rs\\\/#website\",\"url\":\"https:\\\/\\\/smn.rs\\\/\",\"name\":\"SMN\",\"description\":\"Marketing Company\",\"publisher\":{\"@id\":\"https:\\\/\\\/smn.rs\\\/#organization\"},\"alternateName\":\"Strong Media Networks\",\"potentialAction\":[{\"@type\":\"SearchAction\",\"target\":{\"@type\":\"EntryPoint\",\"urlTemplate\":\"https:\\\/\\\/smn.rs\\\/?s={search_term_string}\"},\"query-input\":{\"@type\":\"PropertyValueSpecification\",\"valueRequired\":true,\"valueName\":\"search_term_string\"}}],\"inLanguage\":\"sr-RS\"},{\"@type\":\"Organization\",\"@id\":\"https:\\\/\\\/smn.rs\\\/#organization\",\"name\":\"smn\",\"url\":\"https:\\\/\\\/smn.rs\\\/\",\"logo\":{\"@type\":\"ImageObject\",\"inLanguage\":\"sr-RS\",\"@id\":\"https:\\\/\\\/smn.rs\\\/#\\\/schema\\\/logo\\\/image\\\/\",\"url\":\"https:\\\/\\\/smn.rs\\\/wp-content\\\/uploads\\\/2024\\\/09\\\/smn_logo.png\",\"contentUrl\":\"https:\\\/\\\/smn.rs\\\/wp-content\\\/uploads\\\/2024\\\/09\\\/smn_logo.png\",\"width\":227,\"height\":113,\"caption\":\"smn\"},\"image\":{\"@id\":\"https:\\\/\\\/smn.rs\\\/#\\\/schema\\\/logo\\\/image\\\/\"}}]}<\/script>\n<!-- \/ Yoast SEO plugin. -->","yoast_head_json":{"title":"Success Stories - SMN","robots":{"index":"index","follow":"follow","max-snippet":"max-snippet:-1","max-image-preview":"max-image-preview:large","max-video-preview":"max-video-preview:-1"},"canonical":"https:\/\/smn.rs\/sr\/success-stories\/","og_locale":"sr_RS","og_type":"article","og_title":"Success Stories - SMN","og_url":"https:\/\/smn.rs\/sr\/success-stories\/","og_site_name":"SMN","article_modified_time":"2024-09-09T09:36:48+00:00","og_image":[{"width":227,"height":113,"url":"https:\/\/smn.rs\/wp-content\/uploads\/2024\/09\/smn_logo.png","type":"image\/png"}],"twitter_card":"summary_large_image","schema":{"@context":"https:\/\/schema.org","@graph":[{"@type":"WebPage","@id":"https:\/\/smn.rs\/success-stories\/","url":"https:\/\/smn.rs\/success-stories\/","name":"Success Stories - SMN","isPartOf":{"@id":"https:\/\/smn.rs\/#website"},"datePublished":"2024-09-09T09:34:14+00:00","dateModified":"2024-09-09T09:36:48+00:00","breadcrumb":{"@id":"https:\/\/smn.rs\/success-stories\/#breadcrumb"},"inLanguage":"sr-RS","potentialAction":[{"@type":"ReadAction","target":["https:\/\/smn.rs\/success-stories\/"]}]},{"@type":"BreadcrumbList","@id":"https:\/\/smn.rs\/success-stories\/#breadcrumb","itemListElement":[{"@type":"ListItem","position":1,"name":"Home","item":"https:\/\/smn.rs\/"},{"@type":"ListItem","position":2,"name":"Success Stories"}]},{"@type":"WebSite","@id":"https:\/\/smn.rs\/#website","url":"https:\/\/smn.rs\/","name":"SMN","description":"Marketing Company","publisher":{"@id":"https:\/\/smn.rs\/#organization"},"alternateName":"Strong Media Networks","potentialAction":[{"@type":"SearchAction","target":{"@type":"EntryPoint","urlTemplate":"https:\/\/smn.rs\/?s={search_term_string}"},"query-input":{"@type":"PropertyValueSpecification","valueRequired":true,"valueName":"search_term_string"}}],"inLanguage":"sr-RS"},{"@type":"Organization","@id":"https:\/\/smn.rs\/#organization","name":"smn","url":"https:\/\/smn.rs\/","logo":{"@type":"ImageObject","inLanguage":"sr-RS","@id":"https:\/\/smn.rs\/#\/schema\/logo\/image\/","url":"https:\/\/smn.rs\/wp-content\/uploads\/2024\/09\/smn_logo.png","contentUrl":"https:\/\/smn.rs\/wp-content\/uploads\/2024\/09\/smn_logo.png","width":227,"height":113,"caption":"smn"},"image":{"@id":"https:\/\/smn.rs\/#\/schema\/logo\/image\/"}}]}},"_links":{"self":[{"href":"https:\/\/smn.rs\/sr\/wp-json\/wp\/v2\/pages\/172","targetHints":{"allow":["GET"]}}],"collection":[{"href":"https:\/\/smn.rs\/sr\/wp-json\/wp\/v2\/pages"}],"about":[{"href":"https:\/\/smn.rs\/sr\/wp-json\/wp\/v2\/types\/page"}],"author":[{"embeddable":true,"href":"https:\/\/smn.rs\/sr\/wp-json\/wp\/v2\/users\/1"}],"replies":[{"embeddable":true,"href":"https:\/\/smn.rs\/sr\/wp-json\/wp\/v2\/comments?post=172"}],"version-history":[{"count":0,"href":"https:\/\/smn.rs\/sr\/wp-json\/wp\/v2\/pages\/172\/revisions"}],"wp:attachment":[{"href":"https:\/\/smn.rs\/sr\/wp-json\/wp\/v2\/media?parent=172"}],"curies":[{"name":"wp","href":"https:\/\/api.w.org\/{rel}","templated":true}]}}