{"id":145,"date":"2024-09-09T09:02:41","date_gmt":"2024-09-09T09:02:41","guid":{"rendered":"http:\/\/smn.local\/?page_id=145"},"modified":"2024-10-08T23:08:50","modified_gmt":"2024-10-08T23:08:50","slug":"about-us","status":"publish","type":"page","link":"https:\/\/smn.rs\/sr\/about-us\/","title":{"rendered":"O nama"},"content":{"rendered":"<section class=\"text\">\r\n        <div class=\"container\">\r\n            <div class=\"text__container\">\r\n                <div class=\"acf-innerblocks-container\">\n\n<div class=\"wp-block-group is-layout-constrained wp-block-group-is-layout-constrained\">\n<figure class=\"wp-block-image aligncenter size-full is-resized\"><img loading=\"lazy\" decoding=\"async\" width=\"342\" height=\"170\" src=\"https:\/\/smn.rs\/wp-content\/uploads\/2024\/09\/smn-logo-white.png\" alt=\"\" class=\"wp-image-134\" style=\"width:220px\" srcset=\"https:\/\/smn.rs\/wp-content\/uploads\/2024\/09\/smn-logo-white.png 342w, https:\/\/smn.rs\/wp-content\/uploads\/2024\/09\/smn-logo-white-300x149.png 300w, https:\/\/smn.rs\/wp-content\/uploads\/2024\/09\/smn-logo-white-150x75.png 150w, https:\/\/smn.rs\/wp-content\/uploads\/2024\/09\/smn-logo-white-18x9.png 18w\" sizes=\"auto, (max-width: 342px) 100vw, 342px\" \/><\/figure>\n<\/div>\n\n\n\n<p class=\"has-text-align-center\">Mi smo mlad i agilan tim od vi\u0161e od 15 profesionalaca, stru\u010dnih u razli\u010ditim martech i marcomm oblastima, spreman da vam pomogne u re\u0161avanju bilo kojeg problema sa kojim se va\u0161a kompanija suo\u010dava.<\/p>\n\n\n\n<p class=\"has-text-align-center\">Verujemo da sloboda predstavlja mogu\u0107nosti uz odgovornost. Zato smo spremni da se prilagodimo i testiramo najbolja re\u0161enja, uvek imaju\u0107i na umu uticaj koji bi moglo imati na celokupno poslovanje na\u0161ih klijenata. Zbog toga radimo na hibridnoj osnovi \u2013 integracija na\u0161eg privatnog i poslovnog \u017eivota nam je veoma va\u017ena. Sre\u0107a na\u0161ih ljudi nam zna\u010di sve. Da budemo iskreni, na\u0161a najve\u0107a konkurentska prednost le\u017ei u na\u0161im ljudima. Mi to zaista mislimo. Mi to \u017eivimo.<\/p>\n\n\n\n<p class=\"has-text-align-center\">Verujemo i da je tehnologija ovde da nam pomogne i zna\u010dajan deo na\u0161e konkurentske prednosti baziramo na najnovijoj tehnologiji, kako na\u0161oj, tako i tu\u0111oj. U nekim slu\u010dajevima, verovali ili ne, nismo najpametniji u kancelariji. \ud83d\ude42<\/p>\n\n\n\n<p class=\"has-text-align-center\">\u0160alu na stranu, posao za nas nije \u0161ala. Shvatamo ga vrlo ozbiljno. Va\u0161 uspeh je na\u0161 uspeh. Doslovno.\u00a0\u00a0<\/p>\n\n\n\n<p class=\"has-text-align-center\">Tu smo da vam pomognemo.<br>Mo\u017eemo garantovati posve\u0107enost, motivaciju i \u017eelju da damo najbolje od sebe kako biste uspeli. Do sada je to bilo dovoljno. Da\u0107emo sve od sebe da tako bude i u budu\u0107nosti.<\/p>\n\n<\/div>\r\n            <\/div>\r\n        <\/div>\r\n    <\/section>","protected":false},"excerpt":{"rendered":"","protected":false},"author":1,"featured_media":0,"parent":0,"menu_order":0,"comment_status":"closed","ping_status":"closed","template":"","meta":{"_acf_changed":false,"footnotes":""},"class_list":["post-145","page","type-page","status-publish","hentry"],"acf":[],"yoast_head":"<!-- This site is optimized with the Yoast SEO plugin v27.5 - https:\/\/yoast.com\/product\/yoast-seo-wordpress\/ -->\n<title>About Us - SMN<\/title>\n<meta name=\"robots\" content=\"index, follow, max-snippet:-1, max-image-preview:large, max-video-preview:-1\" \/>\n<link rel=\"canonical\" href=\"https:\/\/smn.rs\/sr\/about-us\/\" \/>\n<meta property=\"og:locale\" content=\"sr_RS\" \/>\n<meta property=\"og:type\" content=\"article\" \/>\n<meta property=\"og:title\" content=\"About Us - SMN\" \/>\n<meta property=\"og:url\" content=\"https:\/\/smn.rs\/sr\/about-us\/\" \/>\n<meta property=\"og:site_name\" content=\"SMN\" \/>\n<meta property=\"article:modified_time\" content=\"2024-10-08T23:08:50+00:00\" \/>\n<meta property=\"og:image\" content=\"https:\/\/smn.rs\/wp-content\/uploads\/2024\/09\/smn-logo-white.png\" \/>\n\t<meta property=\"og:image:width\" content=\"342\" \/>\n\t<meta property=\"og:image:height\" content=\"170\" \/>\n\t<meta property=\"og:image:type\" content=\"image\/png\" \/>\n<meta name=\"twitter:card\" content=\"summary_large_image\" \/>\n<meta name=\"twitter:label1\" content=\"Est. reading time\" \/>\n\t<meta name=\"twitter:data1\" content=\"2 minutes\" \/>\n<script type=\"application\/ld+json\" class=\"yoast-schema-graph\">{\"@context\":\"https:\\\/\\\/schema.org\",\"@graph\":[{\"@type\":\"WebPage\",\"@id\":\"https:\\\/\\\/smn.rs\\\/about-us\\\/\",\"url\":\"https:\\\/\\\/smn.rs\\\/about-us\\\/\",\"name\":\"About Us - SMN\",\"isPartOf\":{\"@id\":\"https:\\\/\\\/smn.rs\\\/#website\"},\"primaryImageOfPage\":{\"@id\":\"https:\\\/\\\/smn.rs\\\/about-us\\\/#primaryimage\"},\"image\":{\"@id\":\"https:\\\/\\\/smn.rs\\\/about-us\\\/#primaryimage\"},\"thumbnailUrl\":\"https:\\\/\\\/smn.rs\\\/wp-content\\\/uploads\\\/2024\\\/09\\\/smn-logo-white.png\",\"datePublished\":\"2024-09-09T09:02:41+00:00\",\"dateModified\":\"2024-10-08T23:08:50+00:00\",\"breadcrumb\":{\"@id\":\"https:\\\/\\\/smn.rs\\\/about-us\\\/#breadcrumb\"},\"inLanguage\":\"sr-RS\",\"potentialAction\":[{\"@type\":\"ReadAction\",\"target\":[\"https:\\\/\\\/smn.rs\\\/about-us\\\/\"]}]},{\"@type\":\"ImageObject\",\"inLanguage\":\"sr-RS\",\"@id\":\"https:\\\/\\\/smn.rs\\\/about-us\\\/#primaryimage\",\"url\":\"https:\\\/\\\/smn.rs\\\/wp-content\\\/uploads\\\/2024\\\/09\\\/smn-logo-white.png\",\"contentUrl\":\"https:\\\/\\\/smn.rs\\\/wp-content\\\/uploads\\\/2024\\\/09\\\/smn-logo-white.png\"},{\"@type\":\"BreadcrumbList\",\"@id\":\"https:\\\/\\\/smn.rs\\\/about-us\\\/#breadcrumb\",\"itemListElement\":[{\"@type\":\"ListItem\",\"position\":1,\"name\":\"Home\",\"item\":\"https:\\\/\\\/smn.rs\\\/\"},{\"@type\":\"ListItem\",\"position\":2,\"name\":\"About Us\"}]},{\"@type\":\"WebSite\",\"@id\":\"https:\\\/\\\/smn.rs\\\/#website\",\"url\":\"https:\\\/\\\/smn.rs\\\/\",\"name\":\"SMN\",\"description\":\"Marketing Company\",\"publisher\":{\"@id\":\"https:\\\/\\\/smn.rs\\\/#organization\"},\"alternateName\":\"Strong Media Networks\",\"potentialAction\":[{\"@type\":\"SearchAction\",\"target\":{\"@type\":\"EntryPoint\",\"urlTemplate\":\"https:\\\/\\\/smn.rs\\\/?s={search_term_string}\"},\"query-input\":{\"@type\":\"PropertyValueSpecification\",\"valueRequired\":true,\"valueName\":\"search_term_string\"}}],\"inLanguage\":\"sr-RS\"},{\"@type\":\"Organization\",\"@id\":\"https:\\\/\\\/smn.rs\\\/#organization\",\"name\":\"smn\",\"url\":\"https:\\\/\\\/smn.rs\\\/\",\"logo\":{\"@type\":\"ImageObject\",\"inLanguage\":\"sr-RS\",\"@id\":\"https:\\\/\\\/smn.rs\\\/#\\\/schema\\\/logo\\\/image\\\/\",\"url\":\"https:\\\/\\\/smn.rs\\\/wp-content\\\/uploads\\\/2024\\\/09\\\/smn_logo.png\",\"contentUrl\":\"https:\\\/\\\/smn.rs\\\/wp-content\\\/uploads\\\/2024\\\/09\\\/smn_logo.png\",\"width\":227,\"height\":113,\"caption\":\"smn\"},\"image\":{\"@id\":\"https:\\\/\\\/smn.rs\\\/#\\\/schema\\\/logo\\\/image\\\/\"}}]}<\/script>\n<!-- \/ Yoast SEO plugin. -->","yoast_head_json":{"title":"About Us - SMN","robots":{"index":"index","follow":"follow","max-snippet":"max-snippet:-1","max-image-preview":"max-image-preview:large","max-video-preview":"max-video-preview:-1"},"canonical":"https:\/\/smn.rs\/sr\/about-us\/","og_locale":"sr_RS","og_type":"article","og_title":"About Us - SMN","og_url":"https:\/\/smn.rs\/sr\/about-us\/","og_site_name":"SMN","article_modified_time":"2024-10-08T23:08:50+00:00","og_image":[{"width":342,"height":170,"url":"https:\/\/smn.rs\/wp-content\/uploads\/2024\/09\/smn-logo-white.png","type":"image\/png"}],"twitter_card":"summary_large_image","twitter_misc":{"Est. reading time":"2 minutes"},"schema":{"@context":"https:\/\/schema.org","@graph":[{"@type":"WebPage","@id":"https:\/\/smn.rs\/about-us\/","url":"https:\/\/smn.rs\/about-us\/","name":"About Us - SMN","isPartOf":{"@id":"https:\/\/smn.rs\/#website"},"primaryImageOfPage":{"@id":"https:\/\/smn.rs\/about-us\/#primaryimage"},"image":{"@id":"https:\/\/smn.rs\/about-us\/#primaryimage"},"thumbnailUrl":"https:\/\/smn.rs\/wp-content\/uploads\/2024\/09\/smn-logo-white.png","datePublished":"2024-09-09T09:02:41+00:00","dateModified":"2024-10-08T23:08:50+00:00","breadcrumb":{"@id":"https:\/\/smn.rs\/about-us\/#breadcrumb"},"inLanguage":"sr-RS","potentialAction":[{"@type":"ReadAction","target":["https:\/\/smn.rs\/about-us\/"]}]},{"@type":"ImageObject","inLanguage":"sr-RS","@id":"https:\/\/smn.rs\/about-us\/#primaryimage","url":"https:\/\/smn.rs\/wp-content\/uploads\/2024\/09\/smn-logo-white.png","contentUrl":"https:\/\/smn.rs\/wp-content\/uploads\/2024\/09\/smn-logo-white.png"},{"@type":"BreadcrumbList","@id":"https:\/\/smn.rs\/about-us\/#breadcrumb","itemListElement":[{"@type":"ListItem","position":1,"name":"Home","item":"https:\/\/smn.rs\/"},{"@type":"ListItem","position":2,"name":"About Us"}]},{"@type":"WebSite","@id":"https:\/\/smn.rs\/#website","url":"https:\/\/smn.rs\/","name":"SMN","description":"Marketing Company","publisher":{"@id":"https:\/\/smn.rs\/#organization"},"alternateName":"Strong Media Networks","potentialAction":[{"@type":"SearchAction","target":{"@type":"EntryPoint","urlTemplate":"https:\/\/smn.rs\/?s={search_term_string}"},"query-input":{"@type":"PropertyValueSpecification","valueRequired":true,"valueName":"search_term_string"}}],"inLanguage":"sr-RS"},{"@type":"Organization","@id":"https:\/\/smn.rs\/#organization","name":"smn","url":"https:\/\/smn.rs\/","logo":{"@type":"ImageObject","inLanguage":"sr-RS","@id":"https:\/\/smn.rs\/#\/schema\/logo\/image\/","url":"https:\/\/smn.rs\/wp-content\/uploads\/2024\/09\/smn_logo.png","contentUrl":"https:\/\/smn.rs\/wp-content\/uploads\/2024\/09\/smn_logo.png","width":227,"height":113,"caption":"smn"},"image":{"@id":"https:\/\/smn.rs\/#\/schema\/logo\/image\/"}}]}},"_links":{"self":[{"href":"https:\/\/smn.rs\/sr\/wp-json\/wp\/v2\/pages\/145","targetHints":{"allow":["GET"]}}],"collection":[{"href":"https:\/\/smn.rs\/sr\/wp-json\/wp\/v2\/pages"}],"about":[{"href":"https:\/\/smn.rs\/sr\/wp-json\/wp\/v2\/types\/page"}],"author":[{"embeddable":true,"href":"https:\/\/smn.rs\/sr\/wp-json\/wp\/v2\/users\/1"}],"replies":[{"embeddable":true,"href":"https:\/\/smn.rs\/sr\/wp-json\/wp\/v2\/comments?post=145"}],"version-history":[{"count":0,"href":"https:\/\/smn.rs\/sr\/wp-json\/wp\/v2\/pages\/145\/revisions"}],"wp:attachment":[{"href":"https:\/\/smn.rs\/sr\/wp-json\/wp\/v2\/media?parent=145"}],"curies":[{"name":"wp","href":"https:\/\/api.w.org\/{rel}","templated":true}]}}